{"id":141,"date":"2017-04-17T12:38:08","date_gmt":"2017-04-17T12:38:08","guid":{"rendered":"http:\/\/builderpress-min.inspirydemos.com\/?page_id=141"},"modified":"2023-08-30T14:59:38","modified_gmt":"2023-08-30T12:59:38","slug":"home","status":"publish","type":"page","link":"https:\/\/rehabilitacionesvargas.es\/","title":{"rendered":"Home"},"content":{"rendered":"<p>[vc_row full_width=\u00bbstretch_row_content_no_spaces\u00bb][vc_column]<div class=\"wrapper-main-slider slider-var1 common-vc-class \"><div class=\"main-slider owl-carousel owl-theme\"><div class=\"\"><div class=\"slide-content\"><img decoding=\"async\" src=\"https:\/\/rehabilitacionesvargas.es\/wp-content\/uploads\/2023\/08\/slider.jpg\" width= \"1920\" height=\"950\"  alt=\"Solicite ya su cita y presupuesto\"><div class=\"slider-detail\"><div class=\"container custom-container-slider\"><div class=\"slider-detail-inner content-animate icon-padding\"><span class=\"slide-icon\"><img decoding=\"async\" src=\"https:\/\/rehabilitacionesvargas.es\/wp-content\/uploads\/2017\/04\/contact-phone.png\" alt=\"contact-phone\"><\/span><h1>Solicite ya su cita y presupuesto<\/h1><div style=\"overflow: hidden\"><p>Para realizar un presupuesto de reforma integral es obligatorio que visitemos al cliente en la casa, local, oficina o edificaci\u00f3n a reformar y as\u00ed hacer una valoraci\u00f3n exhaustiva de sus necesidades.<\/p><\/div><a class=\"bp-button bp-button-plain button-yellow button-slider\" href=\"https:\/\/rehabilitacionesvargas.es\/contact\/\"  >Contactenos<\/a><\/div><\/div><\/div><\/div><\/div><\/div><\/div>[\/vc_column][\/vc_row][vc_row full_width=\u00bbstretch_row\u00bb css=\u00bb.vc_custom_1493704385779{padding-top: 60px !important;padding-bottom: 60px !important;}\u00bb][vc_column width=\u00bb1\/3&#8243;]<div class=\"wrapper-special-feature common-vc-class \" ><div class=\"feature-icon\"><img decoding=\"async\" class=\"value-icon\" src=\"https:\/\/rehabilitacionesvargas.es\/wp-content\/uploads\/2023\/08\/icono-001.png\" alt=\"Reformas en general\"><\/div><h2>Reformas en general<\/h2><p>Expertos en reformas en general, nuestro equipo multidisciplinar nos permite atender un gran volumen de proyectos.<\/p><\/div>[\/vc_column][vc_column width=\u00bb1\/3&#8243;]<div class=\"wrapper-special-feature common-vc-class \" ><div class=\"feature-icon\"><img decoding=\"async\" class=\"value-icon\" src=\"https:\/\/rehabilitacionesvargas.es\/wp-content\/uploads\/2023\/08\/icono-003.png\" alt=\"Rehabilitaciones integrales y eficiencia energetica\"><\/div><h2>Rehabilitaciones integrales y eficiencia energetica<\/h2><p>Reformas y rehabilitaci\u00f3n de inmuebles Empresa dedicada a la construcci\u00f3n de obra nueva, reformas y rehabilitaci\u00f3n de inmuebles en Madrid.<\/p><\/div>[\/vc_column][vc_column width=\u00bb1\/3&#8243;]<div class=\"wrapper-special-feature common-vc-class \" ><div class=\"feature-icon\"><img decoding=\"async\" class=\"value-icon\" src=\"https:\/\/rehabilitacionesvargas.es\/wp-content\/uploads\/2023\/08\/icono-002.png\" alt=\"Descuelgue y Trabajos de Altura\"><\/div><h2>Descuelgue y Trabajos de Altura<\/h2><p>Ofrecer un servicio profesional y transparente que nos ha permitido permanecer de manera estable en un mercado cada d\u00eda m\u00e1s competitivo, bas\u00e1ndonos en la calidad, la seguridad y la responsabilidad.<\/p><\/div>[\/vc_column][\/vc_row][vc_row full_width=\u00bbstretch_row\u00bb css=\u00bb.vc_custom_1493194091368{background-color: #f9f9f9 !important;}\u00bb][vc_column]<div class=\"container-icon-pulley common-vc-class \" style=\"height: 60px\"><span class=\"pulley pulley-center\" style=\"top:-35px\"> <img src= https:\/\/rehabilitacionesvargas.es\/wp-content\/uploads\/2023\/08\/icono-004.png alt = icono-004> <\/span><\/div><div class=\"section-heading-intro common-vc-class text-center\"><h2 style=\"color:#1a1a1a\">Servicios que ofrecemos<\/h2><p style=\"color:#808080\" class=\"section-text\">Nos ocupamos de todo un proceso seg\u00fan los deseos y necesidades de cada uno de nuestros clientes, Realizamos la toma de datos, el proyecto de arquitectura y decoraci\u00f3n interior y exterior el presupuesto de las obras de reforma integral de la vivienda y la gesti\u00f3n de las licencias de obra necesarias.<\/p><\/div><div class=\"inspiry-scheme-section-colors services-section text-center common-vc-class \"><div class=\"services-box\"><div class=\"single-service-wrapper\"><div class=\"single-service\"><a class=\"image-anchor\" href=\"https:\/\/rehabilitacionesvargas.es\/?service=reformas-de-banos\"><img loading=\"lazy\" decoding=\"async\" width=\"654\" height=\"430\" src=\"https:\/\/rehabilitacionesvargas.es\/wp-content\/uploads\/2023\/08\/Inodoro-con-bide-In-Wash-banera-Beyond-Roca_327x215_acf_cropped@2x.jpg\" class=\"attachment-post-thumbnail size-post-thumbnail wp-post-image\" alt=\"\" srcset=\"https:\/\/rehabilitacionesvargas.es\/wp-content\/uploads\/2023\/08\/Inodoro-con-bide-In-Wash-banera-Beyond-Roca_327x215_acf_cropped@2x.jpg 654w, https:\/\/rehabilitacionesvargas.es\/wp-content\/uploads\/2023\/08\/Inodoro-con-bide-In-Wash-banera-Beyond-Roca_327x215_acf_cropped@2x-300x197.jpg 300w\" sizes=\"auto, (max-width: 654px) 100vw, 654px\" \/><\/a><div class=\"service-single-content\"><h3><a href=\"https:\/\/rehabilitacionesvargas.es\/?service=reformas-de-banos\">REFORMAS DE BA\u00d1OS<\/a><\/h3><p>Desde\u00a0Rehabilitaciones Vargas nos especializamos en nueva construcci\u00f3n, revisi\u00f3n general y reasignaci\u00f3n de espacio.\u00a0Garantizamos un nuevo espacio funcional, \u00fatil, con una...<\/p><\/div><\/div><\/div><div class=\"single-service-wrapper\"><div class=\"single-service\"><a class=\"image-anchor\" href=\"https:\/\/rehabilitacionesvargas.es\/?service=reformas-de-cocinas\"><img loading=\"lazy\" decoding=\"async\" width=\"750\" height=\"440\" src=\"https:\/\/rehabilitacionesvargas.es\/wp-content\/uploads\/2023\/08\/reforma-de-cocinas-750x440.jpg\" class=\"attachment-post-thumbnail size-post-thumbnail wp-post-image\" alt=\"\" \/><\/a><div class=\"service-single-content\"><h3><a href=\"https:\/\/rehabilitacionesvargas.es\/?service=reformas-de-cocinas\">REFORMAS DE COCINAS<\/a><\/h3><p>Reformamos tu cocina para que la disfrutes al m\u00e1ximo Somos expertos en nuevas obras o construcciones, redistribuci\u00f3n de espacios y...<\/p><\/div><\/div><\/div><div class=\"single-service-wrapper\"><div class=\"single-service\"><a class=\"image-anchor\" href=\"https:\/\/rehabilitacionesvargas.es\/?service=reformamos-tu-vivienda\"><img loading=\"lazy\" decoding=\"async\" width=\"750\" height=\"440\" src=\"https:\/\/rehabilitacionesvargas.es\/wp-content\/uploads\/2023\/08\/Reforma-integral-de-casas-y-viviendas-Barcelona-750x440.jpg\" class=\"attachment-post-thumbnail size-post-thumbnail wp-post-image\" alt=\"\" \/><\/a><div class=\"service-single-content\"><h3><a href=\"https:\/\/rehabilitacionesvargas.es\/?service=reformamos-tu-vivienda\">Reformamos tu vivienda<\/a><\/h3><p>Cuando buscas un equipo profesional de&nbsp;reformas de viviendas en Madrid, seguramente te encuentres con una gran cantidad de opciones. Sin...<\/p><\/div><\/div><\/div><div class=\"single-service-wrapper\"><div class=\"single-service\"><a class=\"image-anchor\" href=\"https:\/\/rehabilitacionesvargas.es\/?service=reformas-de-locales-comerciales\"><img loading=\"lazy\" decoding=\"async\" width=\"400\" height=\"300\" src=\"https:\/\/rehabilitacionesvargas.es\/wp-content\/uploads\/2017\/04\/architecture-sub.jpg\" class=\"attachment-post-thumbnail size-post-thumbnail wp-post-image\" alt=\"\" srcset=\"https:\/\/rehabilitacionesvargas.es\/wp-content\/uploads\/2017\/04\/architecture-sub.jpg 400w, https:\/\/rehabilitacionesvargas.es\/wp-content\/uploads\/2017\/04\/architecture-sub-300x225.jpg 300w, https:\/\/rehabilitacionesvargas.es\/wp-content\/uploads\/2017\/04\/architecture-sub-360x270.jpg 360w\" sizes=\"auto, (max-width: 400px) 100vw, 400px\" \/><\/a><div class=\"service-single-content\"><h3><a href=\"https:\/\/rehabilitacionesvargas.es\/?service=reformas-de-locales-comerciales\">REFORMAS DE LOCALES COMERCIALES<\/a><\/h3><p>Como&nbsp;empresa de reformas de locales comerciales en Madrid&nbsp;sabemos que cada negocio cuenta con unas necesidades diferentes, es por ello por...<\/p><\/div><\/div><\/div><div class=\"single-service-wrapper\"><div class=\"single-service\"><a class=\"image-anchor\" href=\"https:\/\/rehabilitacionesvargas.es\/?service=reformas-integrales\"><img loading=\"lazy\" decoding=\"async\" width=\"750\" height=\"440\" src=\"https:\/\/rehabilitacionesvargas.es\/wp-content\/uploads\/2023\/08\/WhatsApp-Image-2023-08-29-at-11.22.10-3-750x440.jpeg\" class=\"attachment-post-thumbnail size-post-thumbnail wp-post-image\" alt=\"\" \/><\/a><div class=\"service-single-content\"><h3><a href=\"https:\/\/rehabilitacionesvargas.es\/?service=reformas-integrales\">REFORMAS INTEGRALES<\/a><\/h3><p>Asignamos de forma gratuita y desde el primer contacto un arquitecto a tu disposici\u00f3n para realizar tu reforma integral&nbsp; Somos&nbsp;expertos...<\/p><\/div><\/div><\/div><\/div><div class=\"wrapper-button-services\"><a class=\"bp-button bp-button-plain button-dark hover-to-yellow\"   href=\"https:\/\/rehabilitacionesvargas.es\/our-services\/\">Ver mas<\/a><\/div><\/div>[\/vc_column][\/vc_row][vc_row full_width=\u00bbstretch_row\u00bb][vc_column][\/vc_column][\/vc_row][vc_row full_width=\u00bbstretch_row\u00bb css=\u00bb.vc_custom_1493194962675{background-color: #1a1a1a !important;}\u00bb][vc_column]<div class=\"container-icon-pulley common-vc-class \" style=\"height: 120px\"><span class=\"pulley pulley-center\" style=\"top:25px\"> <img src= https:\/\/rehabilitacionesvargas.es\/wp-content\/uploads\/2023\/08\/icono-006.png alt = icono-006> <\/span><\/div><div class=\"section-heading-intro common-vc-class text-center\"><h2 style=\"color:#ffffff\">Proyectos<\/h2><p style=\"color:#808080\" class=\"section-text\">Estos son algunos de los trabajos que hemos realizado<\/p><\/div>[vc_gallery type=\u00bbimage_grid\u00bb images=\u00bb693,689,692,688,687,686,690,683,682,675,684,672,663,669&#8243; css_animation=\u00bbbounceIn\u00bb title=\u00bbEstos son algunos de los trabajos que hemos realizado\u00bb][\/vc_column][\/vc_row][vc_row full_width=\u00bbstretch_row_content_no_spaces\u00bb][vc_column css=\u00bb.vc_custom_1493704924330{padding-top: 0px !important;}\u00bb]<div class=\"wrapper-vc-cta common-vc-class\" ><div class=\"vc-cta-overlay\" ><\/div><div class=\"container-cta\"><div class=\"vc-wrapper-quote-box\"><div class=\"flex-item text-cta\"><h2 style=\"color:#ffffff\">\u00bfNecesitas Profesionales para proyectar y construir la casa de tus sue\u00f1os?<\/h2><p style=\"color: #ffffff\">Ofrecemos los mejores ingenieros y constructores para hacer realidad sus sue\u00f1os.<\/p><\/div><div class=\"flex-item\"><a class=\"bp-button bp-button-plain\" style=\" background: #1a1a1a; color: #ffffff \" onmouseover=\"this.style.background='  #ffffff '; this.style.color=' #1a1a1a ';\"   onmouseout=\"this.style.background= ' #1a1a1a '; this.style.color = '  #ffffff ';\" href=\"https:\/\/wa.me\/34604295169?text=Hola%20*Rehabilitaciones%20Vargas*.%20Necesito%20m\u00e1s%20informaci\u00f3n%20sobre%20Rehabilitaciones%20Vargas%20https%3A%2F%2Frehabilitacionesvargas.es\" >Escr\u00edbenos<\/a><\/div><\/div><\/div><\/div>[\/vc_column][\/vc_row][vc_row][vc_column]<div class=\"container-icon-pulley common-vc-class \" style=\"height: 120px\"><span class=\"pulley pulley-center\" style=\"top:20px\"> <img src= https:\/\/rehabilitacionesvargas.es\/wp-content\/uploads\/2023\/02\/cropped-arquitecto.png alt = cropped-arquitecto.png> <\/span><\/div>[\/vc_column][\/vc_row][vc_row][vc_column]<div class=\"section-heading-intro common-vc-class text-center\"><h2 style=\"color:#1a1a1a\">Solicitar cita y presupuesto<\/h2><p style=\"color:#808080\" class=\"section-text\">Para realizar un presupuesto de reforma integral es obligatorio que visitemos al cliente en la casa, local, oficina o edificaci\u00f3n a reformar y as\u00ed hacer una valoraci\u00f3n exhaustiva de sus necesidades.<\/p><\/div>[\/vc_column][\/vc_row][vc_row][vc_column width=\u00bb2\/3&#8243;]<div class=\"wrapper-form common-vc-class \">\n<div class=\"wpcf7 no-js\" id=\"wpcf7-f8-o1\" lang=\"es-ES\" dir=\"ltr\" data-wpcf7-id=\"8\">\n<div class=\"screen-reader-response\"><p role=\"status\" aria-live=\"polite\" aria-atomic=\"true\"><\/p> <ul><\/ul><\/div>\n<form action=\"\/index.php?rest_route=%2Fwp%2Fv2%2Fpages%2F141#wpcf7-f8-o1\" method=\"post\" class=\"wpcf7-form init\" aria-label=\"Formulario de contacto\" novalidate=\"novalidate\" data-status=\"init\">\n<fieldset class=\"hidden-fields-container\"><input type=\"hidden\" name=\"_wpcf7\" value=\"8\" \/><input type=\"hidden\" name=\"_wpcf7_version\" value=\"6.1.5\" \/><input type=\"hidden\" name=\"_wpcf7_locale\" value=\"es_ES\" \/><input type=\"hidden\" name=\"_wpcf7_unit_tag\" value=\"wpcf7-f8-o1\" \/><input type=\"hidden\" name=\"_wpcf7_container_post\" value=\"0\" \/><input type=\"hidden\" name=\"_wpcf7_posted_data_hash\" value=\"\" \/>\n<\/fieldset>\n<p><label> Tu nombre<br \/>\n<span class=\"wpcf7-form-control-wrap\" data-name=\"your-name\"><input size=\"40\" maxlength=\"400\" class=\"wpcf7-form-control wpcf7-text wpcf7-validates-as-required\" autocomplete=\"name\" aria-required=\"true\" aria-invalid=\"false\" value=\"\" type=\"text\" name=\"your-name\" \/><\/span> <\/label>\n<\/p>\n<p><label> Tu correo electr\u00f3nico<br \/>\n<span class=\"wpcf7-form-control-wrap\" data-name=\"your-email\"><input size=\"40\" maxlength=\"400\" class=\"wpcf7-form-control wpcf7-email wpcf7-validates-as-required wpcf7-text wpcf7-validates-as-email\" autocomplete=\"email\" aria-required=\"true\" aria-invalid=\"false\" value=\"\" type=\"email\" name=\"your-email\" \/><\/span> <\/label>\n<\/p>\n<p><label> Tel\u00e9fono<br \/>\n<span class=\"wpcf7-form-control-wrap\" data-name=\"tel-159\"><input size=\"40\" maxlength=\"400\" class=\"wpcf7-form-control wpcf7-tel wpcf7-validates-as-required wpcf7-text wpcf7-validates-as-tel\" aria-required=\"true\" aria-invalid=\"false\" value=\"\" type=\"tel\" name=\"tel-159\" \/><\/span> <\/label>\n<\/p>\n<p><label> Tu mensaje (opcional)<br \/>\n<span class=\"wpcf7-form-control-wrap\" data-name=\"your-message\"><textarea cols=\"40\" rows=\"10\" maxlength=\"2000\" class=\"wpcf7-form-control wpcf7-textarea\" aria-invalid=\"false\" name=\"your-message\"><\/textarea><\/span> <\/label>\n<\/p>\n<p><input class=\"wpcf7-form-control wpcf7-submit has-spinner\" type=\"submit\" value=\"Enviar\" \/>\n<\/p><div class=\"wpcf7-response-output\" aria-hidden=\"true\"><\/div>\n<\/form>\n<\/div>\n\n<\/div>[\/vc_column][vc_column width=\u00bb1\/3&#8243;][\/vc_column][\/vc_row][vc_row full_width=\u00bbstretch_row\u00bb][vc_column]<div class=\"container-icon-pulley common-vc-class \" style=\"height: 120px\"><span class=\"pulley pulley-center\" style=\"top:25px\"> <img src= https:\/\/rehabilitacionesvargas.es\/wp-content\/uploads\/2023\/08\/icono-005.png alt = icono-005> <\/span><\/div><div class=\"section-heading-intro common-vc-class text-center\"><h2 style=\"color:#1a1a1a\">Clientes Satisfechos.<\/h2><p style=\"color:#808080\" class=\"section-text\">Rehabilitaciones Vargas tiene experiencia trabajando con muchas de las principales empresas de todo el mundo. Algunos de nuestros principales clientes se enumeran a continuaci\u00f3n.<\/p><\/div><div class=\"partners-section text-center \" style=\"position: relative;\"><div class=\"clients-partners-wrapper common-vc-class\"><div class=\"client-wrapper\"><img decoding=\"async\" src=\"https:\/\/rehabilitacionesvargas.es\/wp-content\/uploads\/2023\/02\/aven.png\" alt=\"Bicycles\" title = \"Bicycles\"><\/div><div class=\"client-wrapper\"><img decoding=\"async\" src=\"https:\/\/rehabilitacionesvargas.es\/wp-content\/uploads\/2023\/02\/ztos.png\" alt=\"Bicycles\" title = \"Bicycles\"><\/div><div class=\"client-wrapper\"><img decoding=\"async\" src=\"https:\/\/rehabilitacionesvargas.es\/wp-content\/uploads\/2023\/02\/fox-hub.png\" alt=\"Bicycles\" title = \"Bicycles\"><\/div><div class=\"client-wrapper\"><img decoding=\"async\" src=\"https:\/\/rehabilitacionesvargas.es\/wp-content\/uploads\/2023\/02\/muzica-2.png\" alt=\"Bicycles\" title = \"Bicycles\"><\/div><div class=\"client-wrapper\"><img decoding=\"async\" src=\"https:\/\/rehabilitacionesvargas.es\/wp-content\/uploads\/2023\/02\/nirastate.png\" alt=\"Bicycles\" title = \"Bicycles\"><\/div><\/div><\/div>[\/vc_column][\/vc_row]<\/p>\n","protected":false},"excerpt":{"rendered":"<p>[vc_row full_width=\u00bbstretch_row_content_no_spaces\u00bb][vc_column][\/vc_column][\/vc_row][vc_row full_width=\u00bbstretch_row\u00bb css=\u00bb.vc_custom_1493704385779{padding-top: 60px !important;padding-bottom: 60px !important;}\u00bb][vc_column width=\u00bb1\/3&#8243;][\/vc_column][vc_column width=\u00bb1\/3&#8243;][\/vc_column][vc_column width=\u00bb1\/3&#8243;][\/vc_column][\/vc_row][vc_row full_width=\u00bbstretch_row\u00bb css=\u00bb.vc_custom_1493194091368{background-color: #f9f9f9 !important;}\u00bb][vc_column][\/vc_column][\/vc_row][vc_row full_width=\u00bbstretch_row\u00bb][vc_column][\/vc_column][\/vc_row][vc_row full_width=\u00bbstretch_row\u00bb css=\u00bb.vc_custom_1493194962675{background-color: #1a1a1a !important;}\u00bb][vc_column][vc_gallery&#8230;<\/p>\n","protected":false},"author":1,"featured_media":0,"parent":0,"menu_order":0,"comment_status":"closed","ping_status":"closed","template":"","meta":{"_joinchat":[],"footnotes":""},"class_list":["post-141","page","type-page","status-publish","hentry"],"yoast_head":"<!-- This site is optimized with the Yoast SEO plugin v27.3 - https:\/\/yoast.com\/product\/yoast-seo-wordpress\/ -->\n<title>Home - Rehabilitaciones Vargas<\/title>\n<meta name=\"robots\" content=\"index, follow, max-snippet:-1, max-image-preview:large, max-video-preview:-1\" \/>\n<link rel=\"canonical\" href=\"https:\/\/rehabilitacionesvargas.es\/\" \/>\n<meta property=\"og:locale\" content=\"es_ES\" \/>\n<meta property=\"og:type\" content=\"article\" \/>\n<meta property=\"og:title\" content=\"Home - Rehabilitaciones Vargas\" \/>\n<meta property=\"og:description\" content=\"[vc_row full_width=\u00bbstretch_row_content_no_spaces\u00bb][vc_column][\/vc_column][\/vc_row][vc_row full_width=\u00bbstretch_row\u00bb css=\u00bb.vc_custom_1493704385779{padding-top: 60px !important;padding-bottom: 60px !important;}\u00bb][vc_column width=\u00bb1\/3&#8243;][\/vc_column][vc_column width=\u00bb1\/3&#8243;][\/vc_column][vc_column width=\u00bb1\/3&#8243;][\/vc_column][\/vc_row][vc_row full_width=\u00bbstretch_row\u00bb css=\u00bb.vc_custom_1493194091368{background-color: #f9f9f9 !important;}\u00bb][vc_column][\/vc_column][\/vc_row][vc_row full_width=\u00bbstretch_row\u00bb][vc_column][\/vc_column][\/vc_row][vc_row full_width=\u00bbstretch_row\u00bb css=\u00bb.vc_custom_1493194962675{background-color: #1a1a1a !important;}\u00bb][vc_column][vc_gallery...\" \/>\n<meta property=\"og:url\" content=\"https:\/\/rehabilitacionesvargas.es\/\" \/>\n<meta property=\"og:site_name\" content=\"Rehabilitaciones Vargas\" \/>\n<meta property=\"article:modified_time\" content=\"2023-08-30T12:59:38+00:00\" \/>\n<meta name=\"twitter:card\" content=\"summary_large_image\" \/>\n<meta name=\"twitter:label1\" content=\"Tiempo de lectura\" \/>\n\t<meta name=\"twitter:data1\" content=\"2 minutos\" \/>\n<script type=\"application\/ld+json\" class=\"yoast-schema-graph\">{\"@context\":\"https:\\\/\\\/schema.org\",\"@graph\":[{\"@type\":\"WebPage\",\"@id\":\"https:\\\/\\\/rehabilitacionesvargas.es\\\/\",\"url\":\"https:\\\/\\\/rehabilitacionesvargas.es\\\/\",\"name\":\"Home - Rehabilitaciones Vargas\",\"isPartOf\":{\"@id\":\"https:\\\/\\\/rehabilitacionesvargas.es\\\/#website\"},\"datePublished\":\"2017-04-17T12:38:08+00:00\",\"dateModified\":\"2023-08-30T12:59:38+00:00\",\"breadcrumb\":{\"@id\":\"https:\\\/\\\/rehabilitacionesvargas.es\\\/#breadcrumb\"},\"inLanguage\":\"es\",\"potentialAction\":[{\"@type\":\"ReadAction\",\"target\":[\"https:\\\/\\\/rehabilitacionesvargas.es\\\/\"]}]},{\"@type\":\"BreadcrumbList\",\"@id\":\"https:\\\/\\\/rehabilitacionesvargas.es\\\/#breadcrumb\",\"itemListElement\":[{\"@type\":\"ListItem\",\"position\":1,\"name\":\"Portada\",\"item\":\"https:\\\/\\\/rehabilitacionesvargas.es\\\/\"},{\"@type\":\"ListItem\",\"position\":2,\"name\":\"Home\"}]},{\"@type\":\"WebSite\",\"@id\":\"https:\\\/\\\/rehabilitacionesvargas.es\\\/#website\",\"url\":\"https:\\\/\\\/rehabilitacionesvargas.es\\\/\",\"name\":\"Rehabilitaciones Vargas\",\"description\":\"Empresa de reformas integrales en Espa&ntilde;a.\",\"publisher\":{\"@id\":\"https:\\\/\\\/rehabilitacionesvargas.es\\\/#organization\"},\"potentialAction\":[{\"@type\":\"SearchAction\",\"target\":{\"@type\":\"EntryPoint\",\"urlTemplate\":\"https:\\\/\\\/rehabilitacionesvargas.es\\\/?s={search_term_string}\"},\"query-input\":{\"@type\":\"PropertyValueSpecification\",\"valueRequired\":true,\"valueName\":\"search_term_string\"}}],\"inLanguage\":\"es\"},{\"@type\":\"Organization\",\"@id\":\"https:\\\/\\\/rehabilitacionesvargas.es\\\/#organization\",\"name\":\"Rehabilitaciones Vargas\",\"url\":\"https:\\\/\\\/rehabilitacionesvargas.es\\\/\",\"logo\":{\"@type\":\"ImageObject\",\"inLanguage\":\"es\",\"@id\":\"https:\\\/\\\/rehabilitacionesvargas.es\\\/#\\\/schema\\\/logo\\\/image\\\/\",\"url\":\"https:\\\/\\\/rehabilitacionesvargas.es\\\/wp-content\\\/uploads\\\/2023\\\/08\\\/logo-Rehabilitaciones-Vargas-1-e1693432117318.png\",\"contentUrl\":\"https:\\\/\\\/rehabilitacionesvargas.es\\\/wp-content\\\/uploads\\\/2023\\\/08\\\/logo-Rehabilitaciones-Vargas-1-e1693432117318.png\",\"width\":400,\"height\":113,\"caption\":\"Rehabilitaciones Vargas\"},\"image\":{\"@id\":\"https:\\\/\\\/rehabilitacionesvargas.es\\\/#\\\/schema\\\/logo\\\/image\\\/\"}}]}<\/script>\n<!-- \/ Yoast SEO plugin. -->","yoast_head_json":{"title":"Home - Rehabilitaciones Vargas","robots":{"index":"index","follow":"follow","max-snippet":"max-snippet:-1","max-image-preview":"max-image-preview:large","max-video-preview":"max-video-preview:-1"},"canonical":"https:\/\/rehabilitacionesvargas.es\/","og_locale":"es_ES","og_type":"article","og_title":"Home - Rehabilitaciones Vargas","og_description":"[vc_row full_width=\u00bbstretch_row_content_no_spaces\u00bb][vc_column][\/vc_column][\/vc_row][vc_row full_width=\u00bbstretch_row\u00bb css=\u00bb.vc_custom_1493704385779{padding-top: 60px !important;padding-bottom: 60px !important;}\u00bb][vc_column width=\u00bb1\/3&#8243;][\/vc_column][vc_column width=\u00bb1\/3&#8243;][\/vc_column][vc_column width=\u00bb1\/3&#8243;][\/vc_column][\/vc_row][vc_row full_width=\u00bbstretch_row\u00bb css=\u00bb.vc_custom_1493194091368{background-color: #f9f9f9 !important;}\u00bb][vc_column][\/vc_column][\/vc_row][vc_row full_width=\u00bbstretch_row\u00bb][vc_column][\/vc_column][\/vc_row][vc_row full_width=\u00bbstretch_row\u00bb css=\u00bb.vc_custom_1493194962675{background-color: #1a1a1a !important;}\u00bb][vc_column][vc_gallery...","og_url":"https:\/\/rehabilitacionesvargas.es\/","og_site_name":"Rehabilitaciones Vargas","article_modified_time":"2023-08-30T12:59:38+00:00","twitter_card":"summary_large_image","twitter_misc":{"Tiempo de lectura":"2 minutos"},"schema":{"@context":"https:\/\/schema.org","@graph":[{"@type":"WebPage","@id":"https:\/\/rehabilitacionesvargas.es\/","url":"https:\/\/rehabilitacionesvargas.es\/","name":"Home - Rehabilitaciones Vargas","isPartOf":{"@id":"https:\/\/rehabilitacionesvargas.es\/#website"},"datePublished":"2017-04-17T12:38:08+00:00","dateModified":"2023-08-30T12:59:38+00:00","breadcrumb":{"@id":"https:\/\/rehabilitacionesvargas.es\/#breadcrumb"},"inLanguage":"es","potentialAction":[{"@type":"ReadAction","target":["https:\/\/rehabilitacionesvargas.es\/"]}]},{"@type":"BreadcrumbList","@id":"https:\/\/rehabilitacionesvargas.es\/#breadcrumb","itemListElement":[{"@type":"ListItem","position":1,"name":"Portada","item":"https:\/\/rehabilitacionesvargas.es\/"},{"@type":"ListItem","position":2,"name":"Home"}]},{"@type":"WebSite","@id":"https:\/\/rehabilitacionesvargas.es\/#website","url":"https:\/\/rehabilitacionesvargas.es\/","name":"Rehabilitaciones Vargas","description":"Empresa de reformas integrales en Espa&ntilde;a.","publisher":{"@id":"https:\/\/rehabilitacionesvargas.es\/#organization"},"potentialAction":[{"@type":"SearchAction","target":{"@type":"EntryPoint","urlTemplate":"https:\/\/rehabilitacionesvargas.es\/?s={search_term_string}"},"query-input":{"@type":"PropertyValueSpecification","valueRequired":true,"valueName":"search_term_string"}}],"inLanguage":"es"},{"@type":"Organization","@id":"https:\/\/rehabilitacionesvargas.es\/#organization","name":"Rehabilitaciones Vargas","url":"https:\/\/rehabilitacionesvargas.es\/","logo":{"@type":"ImageObject","inLanguage":"es","@id":"https:\/\/rehabilitacionesvargas.es\/#\/schema\/logo\/image\/","url":"https:\/\/rehabilitacionesvargas.es\/wp-content\/uploads\/2023\/08\/logo-Rehabilitaciones-Vargas-1-e1693432117318.png","contentUrl":"https:\/\/rehabilitacionesvargas.es\/wp-content\/uploads\/2023\/08\/logo-Rehabilitaciones-Vargas-1-e1693432117318.png","width":400,"height":113,"caption":"Rehabilitaciones Vargas"},"image":{"@id":"https:\/\/rehabilitacionesvargas.es\/#\/schema\/logo\/image\/"}}]}},"_links":{"self":[{"href":"https:\/\/rehabilitacionesvargas.es\/index.php?rest_route=\/wp\/v2\/pages\/141","targetHints":{"allow":["GET"]}}],"collection":[{"href":"https:\/\/rehabilitacionesvargas.es\/index.php?rest_route=\/wp\/v2\/pages"}],"about":[{"href":"https:\/\/rehabilitacionesvargas.es\/index.php?rest_route=\/wp\/v2\/types\/page"}],"author":[{"embeddable":true,"href":"https:\/\/rehabilitacionesvargas.es\/index.php?rest_route=\/wp\/v2\/users\/1"}],"replies":[{"embeddable":true,"href":"https:\/\/rehabilitacionesvargas.es\/index.php?rest_route=%2Fwp%2Fv2%2Fcomments&post=141"}],"version-history":[{"count":71,"href":"https:\/\/rehabilitacionesvargas.es\/index.php?rest_route=\/wp\/v2\/pages\/141\/revisions"}],"predecessor-version":[{"id":790,"href":"https:\/\/rehabilitacionesvargas.es\/index.php?rest_route=\/wp\/v2\/pages\/141\/revisions\/790"}],"wp:attachment":[{"href":"https:\/\/rehabilitacionesvargas.es\/index.php?rest_route=%2Fwp%2Fv2%2Fmedia&parent=141"}],"curies":[{"name":"wp","href":"https:\/\/api.w.org\/{rel}","templated":true}]}}